{"id":311,"date":"2023-03-02T14:15:17","date_gmt":"2023-03-02T13:15:17","guid":{"rendered":"https:\/\/biziberritu.eus\/politica-de-privacidad\/"},"modified":"2023-03-09T10:12:12","modified_gmt":"2023-03-09T09:12:12","slug":"politica-de-privacidad","status":"publish","type":"page","link":"https:\/\/biziberritu.eus\/es\/politica-de-privacidad\/","title":{"rendered":"Pol\u00edtica de privacidad"},"content":{"rendered":"<h2>Responsable del tratamiento<\/h2>\n<p>Alexander Barandiaran Arteaga (en adelante, Biziberritu)<br \/>\nDorleta auzoa z\/g. 20540 Eskoriatza (Gipuzkoa)<br \/>\nDatos de contacto de la persona delegada de protecci\u00f3n de datos: Alexander Barandiaran Arteaga<\/p>\n<h2>\u00bfQu\u00e9 datos tratamos y durante cu\u00e1nto tiempo?<\/h2>\n<p>Biziberritu tratar\u00e1 estos datos:<\/p>\n<ol>\n<li>Los datos de car\u00e1cter personal facilitados, en general; identificativos, caracter\u00edsticas personales, y de contacto electr\u00f3nico, en particular.<\/li>\n<li>Los datos autorizados en caso de registro por medio del login de redes sociales.<\/li>\n<li>Datos derivados de la relaci\u00f3n comercial con Biziberritu, esto es, los procedentes del uso de los distintos servicios;<\/li>\n<li>En su caso, aquellos que se faciliten en el proceso de compra o contrataci\u00f3n, en general; los obtenidos por el uso de la tarjeta (medio de pago y\/o fidelizaci\u00f3n), as\u00ed como las compras asociadas a la misma y datos para efectuar\/ autorizar el pago y facturar los productos y servicios, en particular.<\/li>\n<li>Los resultantes de procesos inform\u00e1ticos (h\u00e1bitos de navegaci\u00f3n o uso del sitio web), direcci\u00f3n IP e informaci\u00f3n recopilada a trav\u00e9s de cookies, etiquetas de p\u00edxel y otras tecnolog\u00edas.<\/li>\n<li>Aquellos que Biziberritu pueda inferir a partir de datos l\u00edcitamente obtenidos.<\/li>\n<\/ol>\n<p>Biziberritu tratar\u00e1 y almacenar\u00e1 los datos mientras la persona usuaria est\u00e9 activa en el sitio web y sea cliente, as\u00ed como durante el plazo de prescripci\u00f3n de obligaciones legales, que pudieran nacer de posibles responsabilidades vinculadas al tratamiento de los datos de cliente.<\/p>\n<h2>\u00bfQu\u00e9 consiente la persona usuaria cuando facilita sus datos?<\/h2>\n<p>Biziberritu, propietaria del sitio web, almacenar\u00e1 en un fichero los datos de car\u00e1cter personal necesarios, enumerados en el apartado precedente, con la finalidad de:<\/p>\n<ol>\n<li>Prestar el servicio demandado por la persona usuaria y que ofrece este sitio web, mantenerlo y mejorarlo.<\/li>\n<li>Ofrecer promociones ligadas a la condici\u00f3n de cliente\/a, a trav\u00e9s de medios de comunicaci\u00f3n electr\u00f3nica o no, referentes a productos o servicios del sector donde esta desarrolla su actividad. La persona usuaria puede oponerse al tratamiento de sus datos con fines promocionales y a la recepci\u00f3n de este tipo de env\u00edos, en el proceso de registro o en un momento posterior, siguiendo el procedimiento para el ejercicio de derechos descrito en el apartado 4.<\/li>\n<\/ol>\n<h2>\u00bfPuede la persona usuaria oponerse a recibir comunicaciones comerciales o al tratamiento con fines promocionales?<\/h2>\n<p>La persona usuaria puede oponerse en cualquier momento a recibir comunicaciones y al tratamiento de sus datos para fines comerciales y promocionales, escribi\u00e9ndonos a la direcci\u00f3n abarandiaran@mondragon.edu, o enviando un escrito a la siguiente direcci\u00f3n: Dorleta auzoa z\/g. 20540 Eskoriatza (Gipuzkoa).<\/p>\n<h2>\u00bfLos datos son comunicados a terceros?<\/h2>\n<ul>\n<li><b>Administraci\u00f3n p\u00fablica, juzgados y tribunales<\/b>Si las autoridades gubernamentales, tales como los cuerpos de seguridad del estado, jueces y\/o tribunales, solicitan o requieren informaci\u00f3n o si es necesario presentarla para cumplir alguna Ley, Biziberritu comunicar\u00e1 a dichos terceros los datos que estos formalmente soliciten.<\/li>\n<\/ul>\n<h2>\u00bfC\u00f3mo puede ejercer sus derechos de revocaci\u00f3n, acceso, supresi\u00f3n, oposici\u00f3n, rectificaci\u00f3n, limitaci\u00f3n, portabilidad la persona usuaria?<\/h2>\n<p>Toda persona usuaria podr\u00e1 ejercitar los derechos de acceso, rectificaci\u00f3n, supresi\u00f3n, revocar su consentimiento, oponerse a su tratamiento, limitar el mismo y\/o solicitar la portabilidad de sus datos, a trav\u00e9s de los siguientes medios: mediante el correo electr\u00f3nico abarandiaran@mondragon.edu, o enviando un escrito a la siguiente direcci\u00f3n postal: Dorleta auzoa z\/g. 20540 Eskoriatza (Gipuzkoa)<\/p>\n<h2>Medidas de seguridad y confidencialidad de la informaci\u00f3n<\/h2>\n<p>Biziberritu ha adoptado las medidas oportunas de seguridad en sus instalaciones, sistemas y ficheros. Ha establecido todos los medios t\u00e9cnicos a su alcance para evitar la p\u00e9rdida, mal uso, alteraci\u00f3n, acceso no autorizado y robo de los datos que la persona usuaria facilite, velando as\u00ed por su integridad, disponibilidad y confidencialidad.<\/p>\n<h2>Cambios en la pol\u00edtica de privacidad<\/h2>\n<p>Biziberritu cumple escrupulosamente con las leyes aplicables a la protecci\u00f3n de datos y la privacidad de las personas usuarias. Para ello, se reserva el derecho a modificar unilateralmente, en cualquier momento y sin aviso previo, las condiciones de la presente pol\u00edtica de protecci\u00f3n de datos para adecuarla a cualquier cambio normativo o a cualquier modificaci\u00f3n en la presentaci\u00f3n y configuraci\u00f3n del sitio web.<\/p>\n","protected":false},"excerpt":{"rendered":"<p>Responsable del tratamiento Alexander Barandiaran Arteaga (en adelante, Biziberritu) Dorleta auzoa z\/g. 20540 Eskoriatza (Gipuzkoa) Datos de contacto de la persona delegada de protecci\u00f3n de datos: Alexander Barandiaran Arteaga \u00bfQu\u00e9 datos tratamos y durante cu\u00e1nto tiempo? Biziberritu tratar\u00e1 estos datos: Los datos de car\u00e1cter personal facilitados, en general; identificativos, caracter\u00edsticas personales, y de contacto electr\u00f3nico, &hellip;<\/p>\n<p class=\"read-more\"> <a class=\"\" href=\"https:\/\/biziberritu.eus\/es\/politica-de-privacidad\/\"> <span class=\"screen-reader-text\">Pol\u00edtica de privacidad<\/span> Leer m\u00e1s \u00bb<\/a><\/p>\n","protected":false},"author":1,"featured_media":0,"parent":0,"menu_order":0,"comment_status":"closed","ping_status":"closed","template":"","meta":{"site-sidebar-layout":"default","site-content-layout":"default","ast-global-header-display":"","ast-main-header-display":"","ast-hfb-above-header-display":"","ast-hfb-below-header-display":"","ast-hfb-mobile-header-display":"","site-post-title":"","ast-breadcrumbs-content":"","ast-featured-img":"","footer-sml-layout":"","theme-transparent-header-meta":"","adv-header-id-meta":"","stick-header-meta":"","header-above-stick-meta":"","header-main-stick-meta":"","header-below-stick-meta":""},"yoast_head":"<!-- This site is optimized with the Yoast SEO plugin v20.2.1 - https:\/\/yoast.com\/wordpress\/plugins\/seo\/ -->\n<title>Pol\u00edtica de privacidad &bull; Biziberritu<\/title>\n<meta name=\"robots\" content=\"noindex, follow\" \/>\n<meta property=\"og:locale\" content=\"es_ES\" \/>\n<meta property=\"og:type\" content=\"article\" \/>\n<meta property=\"og:title\" content=\"Pol\u00edtica de privacidad &bull; Biziberritu\" \/>\n<meta property=\"og:description\" content=\"Responsable del tratamiento Alexander Barandiaran Arteaga (en adelante, Biziberritu) Dorleta auzoa z\/g. 20540 Eskoriatza (Gipuzkoa) Datos de contacto de la persona delegada de protecci\u00f3n de datos: Alexander Barandiaran Arteaga \u00bfQu\u00e9 datos tratamos y durante cu\u00e1nto tiempo? Biziberritu tratar\u00e1 estos datos: Los datos de car\u00e1cter personal facilitados, en general; identificativos, caracter\u00edsticas personales, y de contacto electr\u00f3nico, &hellip; Pol\u00edtica de privacidad Leer m\u00e1s \u00bb\" \/>\n<meta property=\"og:url\" content=\"https:\/\/biziberritu.eus\/es\/politica-de-privacidad\/\" \/>\n<meta property=\"og:site_name\" content=\"Biziberritu\" \/>\n<meta property=\"article:modified_time\" content=\"2023-03-09T09:12:12+00:00\" \/>\n<meta name=\"twitter:card\" content=\"summary_large_image\" \/>\n<meta name=\"twitter:label1\" content=\"Tiempo de lectura\" \/>\n\t<meta name=\"twitter:data1\" content=\"4 minutos\" \/>\n<script type=\"application\/ld+json\" class=\"yoast-schema-graph\">{\"@context\":\"https:\/\/schema.org\",\"@graph\":[{\"@type\":\"WebPage\",\"@id\":\"https:\/\/biziberritu.eus\/es\/politica-de-privacidad\/\",\"url\":\"https:\/\/biziberritu.eus\/es\/politica-de-privacidad\/\",\"name\":\"Pol\u00edtica de privacidad &bull; Biziberritu\",\"isPartOf\":{\"@id\":\"https:\/\/biziberritu.eus\/es\/#website\"},\"datePublished\":\"2023-03-02T13:15:17+00:00\",\"dateModified\":\"2023-03-09T09:12:12+00:00\",\"breadcrumb\":{\"@id\":\"https:\/\/biziberritu.eus\/es\/politica-de-privacidad\/#breadcrumb\"},\"inLanguage\":\"es\",\"potentialAction\":[{\"@type\":\"ReadAction\",\"target\":[\"https:\/\/biziberritu.eus\/es\/politica-de-privacidad\/\"]}]},{\"@type\":\"BreadcrumbList\",\"@id\":\"https:\/\/biziberritu.eus\/es\/politica-de-privacidad\/#breadcrumb\",\"itemListElement\":[{\"@type\":\"ListItem\",\"position\":1,\"name\":\"Home\",\"item\":\"https:\/\/biziberritu.eus\/es\/inicio\/\"},{\"@type\":\"ListItem\",\"position\":2,\"name\":\"Pol\u00edtica de privacidad\"}]},{\"@type\":\"WebSite\",\"@id\":\"https:\/\/biziberritu.eus\/es\/#website\",\"url\":\"https:\/\/biziberritu.eus\/es\/\",\"name\":\"Biziberritu\",\"description\":\"Materialekin haziz\",\"publisher\":{\"@id\":\"https:\/\/biziberritu.eus\/es\/#organization\"},\"potentialAction\":[{\"@type\":\"SearchAction\",\"target\":{\"@type\":\"EntryPoint\",\"urlTemplate\":\"https:\/\/biziberritu.eus\/es\/?s={search_term_string}\"},\"query-input\":\"required name=search_term_string\"}],\"inLanguage\":\"es\"},{\"@type\":\"Organization\",\"@id\":\"https:\/\/biziberritu.eus\/es\/#organization\",\"name\":\"Biziberritu\",\"url\":\"https:\/\/biziberritu.eus\/es\/\",\"logo\":{\"@type\":\"ImageObject\",\"inLanguage\":\"es\",\"@id\":\"https:\/\/biziberritu.eus\/es\/#\/schema\/logo\/image\/\",\"url\":\"https:\/\/biziberritu.eus\/wp-content\/uploads\/2023\/03\/logoa-fondo-gabe_.png\",\"contentUrl\":\"https:\/\/biziberritu.eus\/wp-content\/uploads\/2023\/03\/logoa-fondo-gabe_.png\",\"width\":2084,\"height\":2084,\"caption\":\"Biziberritu\"},\"image\":{\"@id\":\"https:\/\/biziberritu.eus\/es\/#\/schema\/logo\/image\/\"},\"sameAs\":[\"https:\/\/www.instagram.com\/biziberritu\/\"]}]}<\/script>\n<!-- \/ Yoast SEO plugin. -->","yoast_head_json":{"title":"Pol\u00edtica de privacidad &bull; Biziberritu","robots":{"index":"noindex","follow":"follow"},"og_locale":"es_ES","og_type":"article","og_title":"Pol\u00edtica de privacidad &bull; Biziberritu","og_description":"Responsable del tratamiento Alexander Barandiaran Arteaga (en adelante, Biziberritu) Dorleta auzoa z\/g. 20540 Eskoriatza (Gipuzkoa) Datos de contacto de la persona delegada de protecci\u00f3n de datos: Alexander Barandiaran Arteaga \u00bfQu\u00e9 datos tratamos y durante cu\u00e1nto tiempo? Biziberritu tratar\u00e1 estos datos: Los datos de car\u00e1cter personal facilitados, en general; identificativos, caracter\u00edsticas personales, y de contacto electr\u00f3nico, &hellip; Pol\u00edtica de privacidad Leer m\u00e1s \u00bb","og_url":"https:\/\/biziberritu.eus\/es\/politica-de-privacidad\/","og_site_name":"Biziberritu","article_modified_time":"2023-03-09T09:12:12+00:00","twitter_card":"summary_large_image","twitter_misc":{"Tiempo de lectura":"4 minutos"},"schema":{"@context":"https:\/\/schema.org","@graph":[{"@type":"WebPage","@id":"https:\/\/biziberritu.eus\/es\/politica-de-privacidad\/","url":"https:\/\/biziberritu.eus\/es\/politica-de-privacidad\/","name":"Pol\u00edtica de privacidad &bull; Biziberritu","isPartOf":{"@id":"https:\/\/biziberritu.eus\/es\/#website"},"datePublished":"2023-03-02T13:15:17+00:00","dateModified":"2023-03-09T09:12:12+00:00","breadcrumb":{"@id":"https:\/\/biziberritu.eus\/es\/politica-de-privacidad\/#breadcrumb"},"inLanguage":"es","potentialAction":[{"@type":"ReadAction","target":["https:\/\/biziberritu.eus\/es\/politica-de-privacidad\/"]}]},{"@type":"BreadcrumbList","@id":"https:\/\/biziberritu.eus\/es\/politica-de-privacidad\/#breadcrumb","itemListElement":[{"@type":"ListItem","position":1,"name":"Home","item":"https:\/\/biziberritu.eus\/es\/inicio\/"},{"@type":"ListItem","position":2,"name":"Pol\u00edtica de privacidad"}]},{"@type":"WebSite","@id":"https:\/\/biziberritu.eus\/es\/#website","url":"https:\/\/biziberritu.eus\/es\/","name":"Biziberritu","description":"Materialekin haziz","publisher":{"@id":"https:\/\/biziberritu.eus\/es\/#organization"},"potentialAction":[{"@type":"SearchAction","target":{"@type":"EntryPoint","urlTemplate":"https:\/\/biziberritu.eus\/es\/?s={search_term_string}"},"query-input":"required name=search_term_string"}],"inLanguage":"es"},{"@type":"Organization","@id":"https:\/\/biziberritu.eus\/es\/#organization","name":"Biziberritu","url":"https:\/\/biziberritu.eus\/es\/","logo":{"@type":"ImageObject","inLanguage":"es","@id":"https:\/\/biziberritu.eus\/es\/#\/schema\/logo\/image\/","url":"https:\/\/biziberritu.eus\/wp-content\/uploads\/2023\/03\/logoa-fondo-gabe_.png","contentUrl":"https:\/\/biziberritu.eus\/wp-content\/uploads\/2023\/03\/logoa-fondo-gabe_.png","width":2084,"height":2084,"caption":"Biziberritu"},"image":{"@id":"https:\/\/biziberritu.eus\/es\/#\/schema\/logo\/image\/"},"sameAs":["https:\/\/www.instagram.com\/biziberritu\/"]}]}},"_links":{"self":[{"href":"https:\/\/biziberritu.eus\/es\/wp-json\/wp\/v2\/pages\/311"}],"collection":[{"href":"https:\/\/biziberritu.eus\/es\/wp-json\/wp\/v2\/pages"}],"about":[{"href":"https:\/\/biziberritu.eus\/es\/wp-json\/wp\/v2\/types\/page"}],"author":[{"embeddable":true,"href":"https:\/\/biziberritu.eus\/es\/wp-json\/wp\/v2\/users\/1"}],"replies":[{"embeddable":true,"href":"https:\/\/biziberritu.eus\/es\/wp-json\/wp\/v2\/comments?post=311"}],"version-history":[{"count":2,"href":"https:\/\/biziberritu.eus\/es\/wp-json\/wp\/v2\/pages\/311\/revisions"}],"predecessor-version":[{"id":395,"href":"https:\/\/biziberritu.eus\/es\/wp-json\/wp\/v2\/pages\/311\/revisions\/395"}],"wp:attachment":[{"href":"https:\/\/biziberritu.eus\/es\/wp-json\/wp\/v2\/media?parent=311"}],"curies":[{"name":"wp","href":"https:\/\/api.w.org\/{rel}","templated":true}]}}